{"id":16930,"date":"2023-08-03T15:08:19","date_gmt":"2023-08-03T15:08:19","guid":{"rendered":"https:\/\/kunst-wandtattoo.eu\/?post_type=product&#038;p=16930"},"modified":"2024-03-05T14:51:49","modified_gmt":"2024-03-05T14:51:49","slug":"wandtattoo-kinderzimmer-aquarell-punkte-blau","status":"publish","type":"product","link":"https:\/\/kunst-wandtattoo.eu\/index.php\/product\/wandtattoo-kinderzimmer-aquarell-punkte-blau\/","title":{"rendered":"Wandtattoo Kinderzimmer \u2013 \u2018Aquarell Punkte Blau\u2019"},"content":{"rendered":"<p class=\"p1\"><strong>Wandtattoo Kinderzimmer<\/strong><\/p>\n<p class=\"p1\"><strong>Das Wandtattoo f\u00fcr das Babyzimmer<\/strong> ist die perfekte L\u00f6sung f\u00fcr die Dekoration Ihres Kinderzimmers.. Ein handgemalter, selbstklebender, matter Aufkleber, der perfekt auf der Wandoberfl\u00e4che haftet. Unsere gro\u00dfe Auswahl an Wandtattoos f\u00fcr das Kinderzimmer wird das Zimmer Ihres Kindes fabelhaft machen. <strong>Sehen Sie sich visuelle Beispiele daf\u00fcr an, wie Wandtattoos Kinderzimmer einen Raum beleben und verzieren.<\/strong><\/p>\n<p class=\"p1\">Die Illustration ist wegen ihrer besonderen Details perfekt f\u00fcr das Babyzimmer. Dieses Motiv weckt die Neugierde der Kinder, sich kreativ auszudr\u00fccken. Mit diesem Wandtattoo k\u00f6nnen Sie fast jeden Raum dekorieren.<\/p>\n<p class=\"p1\"><strong>Hohe Qualit\u00e4t!<\/strong><\/p>\n<p class=\"p1\"><strong>Sicher f\u00fcr Ihr Kind.<\/strong> Wir verwenden umweltfreundliche Farben und hochwertige Folien. V\u00f6llig kinderfreundlich: Die Drucke sind l\u00f6sungsmittelfrei und geruchsneutral.<\/p>\n<p class=\"p1\">Jedes Element des Aufklebers kann einzeln aufgeklebt werden, um eine einzigartige Dekoration zu schaffen, die am besten zum Dekor des Raumes passt.<\/p>\n<p class=\"p1\"><strong>Wandtattoo Babyzimmer <\/strong>sind eine einfache M\u00f6glichkeit, einen Raum vor\u00fcbergehend oder dauerhaft zu dekorieren, ohne die W\u00e4nde zu besch\u00e4digen. Sie sind leicht anzubringen und zu entfernen, hinterlassen keine Kleber\u00fcckst\u00e4nde an der Wand und sehen durch ihre matte Oberfl\u00e4che aus, als w\u00e4ren sie aufgemalt.<\/p>\n<p class=\"p1\"><strong>Ermutigen Sie Ihre Kinder, mit dem Bildmaterial zu spielen!<\/strong><\/p>\n<p class=\"p1\">Anwendung und Nutzung sind einfach. Mit unseren Babyzimmer-Wandtattoos lassen sich sch\u00f6ne W\u00e4nde schnell zum Leben erwecken. Sie sind f\u00fcr jeden Lebensraum geeignet.<\/p>\n","protected":false},"excerpt":{"rendered":"<p class=\"p1\">Das Wandtattoo f\u00fcr das Babyzimmer ist die perfekte L\u00f6sung f\u00fcr die Dekoration Ihres Kinderzimmers. Unsere gro\u00dfe Auswahl an Wandtattoos f\u00fcr das Kinderzimmer, wird das Zimmer Ihres Kindes au\u00dfergew\u00f6hnlich sch\u00f6n machen. Ermutigen Sie Ihre Kinder, mit dem Bildmaterial zu spielen!<\/p>\n","protected":false},"featured_media":16738,"comment_status":"open","ping_status":"closed","template":"","meta":[],"pwb-brand":[28],"product_cat":[559,562,563,558],"product_tag":[30,29],"brands":[{"id":28,"name":"kunst-wandtattoo","slug":"kunst-wandtattoo"}],"_links":{"self":[{"href":"https:\/\/kunst-wandtattoo.eu\/index.php\/wp-json\/wp\/v2\/product\/16930"}],"collection":[{"href":"https:\/\/kunst-wandtattoo.eu\/index.php\/wp-json\/wp\/v2\/product"}],"about":[{"href":"https:\/\/kunst-wandtattoo.eu\/index.php\/wp-json\/wp\/v2\/types\/product"}],"replies":[{"embeddable":true,"href":"https:\/\/kunst-wandtattoo.eu\/index.php\/wp-json\/wp\/v2\/comments?post=16930"}],"version-history":[{"count":2,"href":"https:\/\/kunst-wandtattoo.eu\/index.php\/wp-json\/wp\/v2\/product\/16930\/revisions"}],"predecessor-version":[{"id":18016,"href":"https:\/\/kunst-wandtattoo.eu\/index.php\/wp-json\/wp\/v2\/product\/16930\/revisions\/18016"}],"wp:featuredmedia":[{"embeddable":true,"href":"https:\/\/kunst-wandtattoo.eu\/index.php\/wp-json\/wp\/v2\/media\/16738"}],"wp:attachment":[{"href":"https:\/\/kunst-wandtattoo.eu\/index.php\/wp-json\/wp\/v2\/media?parent=16930"}],"wp:term":[{"taxonomy":"pwb-brand","embeddable":true,"href":"https:\/\/kunst-wandtattoo.eu\/index.php\/wp-json\/wp\/v2\/pwb-brand?post=16930"},{"taxonomy":"product_cat","embeddable":true,"href":"https:\/\/kunst-wandtattoo.eu\/index.php\/wp-json\/wp\/v2\/product_cat?post=16930"},{"taxonomy":"product_tag","embeddable":true,"href":"https:\/\/kunst-wandtattoo.eu\/index.php\/wp-json\/wp\/v2\/product_tag?post=16930"}],"curies":[{"name":"wp","href":"https:\/\/api.w.org\/{rel}","templated":true}]}}