{"id":17478,"date":"2024-01-10T21:22:51","date_gmt":"2024-01-10T21:22:51","guid":{"rendered":"https:\/\/kunst-wandtattoo.eu\/?post_type=product&#038;p=17478"},"modified":"2024-03-15T18:17:33","modified_gmt":"2024-03-15T18:17:33","slug":"wandtattoo-kinderzimmer-baer-in-den-sternen","status":"publish","type":"product","link":"https:\/\/kunst-wandtattoo.eu\/index.php\/product\/wandtattoo-kinderzimmer-baer-in-den-sternen\/","title":{"rendered":"Wandtattoo Kinderzimmer \u2013 \u2018B\u00e4r in den Sternen\u2019"},"content":{"rendered":"<p class=\"p1\"><strong>Wandtattoo Kinderzimmer<\/strong> &#8211;<span class=\"Apple-converted-space\">\u00a0 <\/span>ist die perfekte L\u00f6sung f\u00fcr die Dekoration Ihres Kinderzimmers. Unsere gro\u00dfe Auswahl an Wandtattoos f\u00fcr das Kinderzimmer wird das Zimmer Ihres Kindes fabelhaft machen. Sehen Sie sich visuelle Beispiele daf\u00fcr an, wie Wandtattoos Kinderzimmer einen Raum beleben und verzieren.<\/p>\n<p class=\"p1\">Die Illustration ist wegen ihrer besonderen Details perfekt f\u00fcr das Babyzimmer. Dieses Motiv weckt die Neugierde der Kinder, sich kreativ auszudr\u00fccken. <strong>Mit diesem Wandtattoo k\u00f6nnen Sie fast jeden Raum dekorieren.<\/strong><\/p>\n<p class=\"p1\"><strong>Hohe Qualit\u00e4t!<\/strong> Wir verwenden umweltfreundliche Farben und hochwertige Folien. V\u00f6llig kinderfreundlich: Die Drucke sind l\u00f6sungsmittelfrei und geruchsneutral.<\/p>\n<p class=\"p1\">Jedes Element des Aufklebers kann einzeln aufgeklebt werden, um eine einzigartige Dekoration zu schaffen, die am besten zum Dekor des Raumes passt.<\/p>\n<p class=\"p1\"><strong>Wandtattoos Babyzimmer<\/strong> sind eine einfache M\u00f6glichkeit, einen Raum vor\u00fcbergehend oder dauerhaft zu dekorieren, ohne die W\u00e4nde zu besch\u00e4digen. Sie sind leicht anzubringen und zu entfernen, hinterlassen keine Kleber\u00fcckst\u00e4nde an der Wand und sehen durch ihre matte Oberfl\u00e4che aus, als w\u00e4ren sie aufgemalt.<\/p>\n<p class=\"p1\"><strong>Ermutigen Sie Ihre Kinder, mit dem Bildmaterial zu spielen!<\/strong><\/p>\n<p class=\"p1\">Anwendung und Nutzung sind einfach. Nur auf staubfrei, trockene und flache Oberfl\u00e4chen auftragen (ohne raue Stellen, Strukturen, nicht auf Tapeten und gew\u00f6lbte Elemente). Mit unseren Babyzimmer Wandtattoos lassen sich sch\u00f6ne W\u00e4nde schnell zum Leben erwecken. Sie sind f\u00fcr jeden Lebensraum geeignet.<\/p>\n","protected":false},"excerpt":{"rendered":"<p class=\"p1\"><strong>Wandtattoo Kinderzimmer<\/strong> &#8211;<span class=\"Apple-converted-space\">\u00a0 <\/span>ist die perfekte L\u00f6sung f\u00fcr die Dekoration Ihres Kinderzimmers. Unsere gro\u00dfe Auswahl an Wandtattoos f\u00fcr das Kinderzimmer, <strong>wird das Zimmer Ihres Kindes au\u00dfergew\u00f6hnlich sch\u00f6n machen.<\/strong><\/p>\n","protected":false},"featured_media":17530,"comment_status":"open","ping_status":"closed","template":"","meta":[],"pwb-brand":[28],"product_cat":[744,745,751,560,562,563,558],"product_tag":[30,29],"brands":[{"id":28,"name":"kunst-wandtattoo","slug":"kunst-wandtattoo"}],"_links":{"self":[{"href":"https:\/\/kunst-wandtattoo.eu\/index.php\/wp-json\/wp\/v2\/product\/17478"}],"collection":[{"href":"https:\/\/kunst-wandtattoo.eu\/index.php\/wp-json\/wp\/v2\/product"}],"about":[{"href":"https:\/\/kunst-wandtattoo.eu\/index.php\/wp-json\/wp\/v2\/types\/product"}],"replies":[{"embeddable":true,"href":"https:\/\/kunst-wandtattoo.eu\/index.php\/wp-json\/wp\/v2\/comments?post=17478"}],"version-history":[{"count":3,"href":"https:\/\/kunst-wandtattoo.eu\/index.php\/wp-json\/wp\/v2\/product\/17478\/revisions"}],"predecessor-version":[{"id":18104,"href":"https:\/\/kunst-wandtattoo.eu\/index.php\/wp-json\/wp\/v2\/product\/17478\/revisions\/18104"}],"wp:featuredmedia":[{"embeddable":true,"href":"https:\/\/kunst-wandtattoo.eu\/index.php\/wp-json\/wp\/v2\/media\/17530"}],"wp:attachment":[{"href":"https:\/\/kunst-wandtattoo.eu\/index.php\/wp-json\/wp\/v2\/media?parent=17478"}],"wp:term":[{"taxonomy":"pwb-brand","embeddable":true,"href":"https:\/\/kunst-wandtattoo.eu\/index.php\/wp-json\/wp\/v2\/pwb-brand?post=17478"},{"taxonomy":"product_cat","embeddable":true,"href":"https:\/\/kunst-wandtattoo.eu\/index.php\/wp-json\/wp\/v2\/product_cat?post=17478"},{"taxonomy":"product_tag","embeddable":true,"href":"https:\/\/kunst-wandtattoo.eu\/index.php\/wp-json\/wp\/v2\/product_tag?post=17478"}],"curies":[{"name":"wp","href":"https:\/\/api.w.org\/{rel}","templated":true}]}}